{"id":9,"date":"2015-10-07T09:31:47","date_gmt":"2015-10-07T09:31:47","guid":{"rendered":"http:\/\/www.imp-jablonec.cz\/WEBSITES\/?page_id=9"},"modified":"2015-11-20T09:37:38","modified_gmt":"2015-11-20T09:37:38","slug":"kovovyroba","status":"publish","type":"page","link":"http:\/\/www.imp-jablonec.cz\/fr\/kovovyroba\/","title":{"rendered":"M\u00e9cano-soudure"},"content":{"rendered":"<p><\/p>\n<h3><span style=\"color: #000080;\"><strong><span style=\"font-family: Tahoma, Arial, Helvetica, sans-serif;\">M\u00e9cano-soudure<a style=\"color: #000080;\" href=\"http:\/\/www.imp-jablonec.cz\/en\/kovovyroba\/\"><img loading=\"lazy\" class=\"alignright wp-image-132 size-full\" src=\"http:\/\/www.imp-jablonec.cz\/WEBSITES\/wp-content\/uploads\/2015\/10\/gb.png\" alt=\"gb\" width=\"18\" height=\"12\" \/><\/a><a style=\"color: #000080;\" href=\"http:\/\/www.imp-jablonec.cz\/fr\/kovovyroba\/\"><img loading=\"lazy\" class=\"alignright wp-image-131 size-full\" src=\"http:\/\/www.imp-jablonec.cz\/WEBSITES\/wp-content\/uploads\/2015\/10\/fr.png\" alt=\"fr\" width=\"18\" height=\"12\" \/><\/a><a style=\"color: #000080;\" href=\"http:\/\/www.imp-jablonec.cz\/de\/kovovyroba\/\"><img loading=\"lazy\" class=\"alignright wp-image-130 size-full\" src=\"http:\/\/www.imp-jablonec.cz\/WEBSITES\/wp-content\/uploads\/2015\/10\/de.png\" alt=\"de\" width=\"18\" height=\"12\" \/><\/a><a style=\"color: #000080;\" href=\"http:\/\/www.imp-jablonec.cz\/cs\/kovovyroba\/\"><img loading=\"lazy\" class=\"alignright wp-image-129 size-full\" src=\"http:\/\/www.imp-jablonec.cz\/WEBSITES\/wp-content\/uploads\/2015\/10\/cz.png\" alt=\"cz\" width=\"18\" height=\"12\" \/><\/a><\/span><\/strong><\/span><\/h3>\n<h4><span style=\"color: #000080;\"><em><span style=\"font-family: Tahoma, Arial, Helvetica, sans-serif;\">Conteneurs, Chevalets, Charionts, Rolls, Rayonnages<\/span><\/em><\/span><\/h4>\n<h4><em><span style=\"font-family: Tahoma, Arial, Helvetica, sans-serif;\"><img loading=\"lazy\" class=\"alignright wp-image-181\" src=\"http:\/\/www.imp-jablonec.cz\/WEBSITES\/wp-content\/uploads\/2015\/10\/kovo-hlavn\u00ed-237x300.jpg\" alt=\"kovo\" width=\"316\" height=\"400\" srcset=\"http:\/\/www.imp-jablonec.cz\/WEBSITES\/wp-content\/uploads\/2015\/10\/kovo-hlavn\u00ed-237x300.jpg 237w, http:\/\/www.imp-jablonec.cz\/WEBSITES\/wp-content\/uploads\/2015\/10\/kovo-hlavn\u00ed-808x1024.jpg 808w, http:\/\/www.imp-jablonec.cz\/WEBSITES\/wp-content\/uploads\/2015\/10\/kovo-hlavn\u00ed-395x500.jpg 395w, http:\/\/www.imp-jablonec.cz\/WEBSITES\/wp-content\/uploads\/2015\/10\/kovo-hlavn\u00ed.jpg 1388w\" sizes=\"(max-width: 316px) 100vw, 316px\" \/><\/span><\/em><\/h4>\n<h6><span style=\"font-family: Tahoma, Arial, Helvetica, sans-serif;\">IMP compte parmi les principaux fournisseurs europ\u00e9ens d\u2019\u00e9quipements destin\u00e9s aux stockages et aux transports dynamiques de types de palettes, conteneurs, convoyeurs, rolls, rayonnages, supports, chariots ainsi que des chevalets sp\u00e9ciaux pour le stockage et le transport de grands panneaux de verre.<\/span><\/h6>\n<h6><span style=\"font-family: Tahoma, Arial, Helvetica, sans-serif;\">Depuis sa cr\u00e9ation, IMP a b\u00e9n\u00e9fici\u00e9 de la confiance d\u2019importants clients de diff\u00e9rents univers industriels comme l\u2019automobile (constructeurs et \u00e9quipementiers internationaux), la verrerie, les sous-traitants pour l\u00b4industrie du b\u00e2timent ou encore les fabricants de gaz.<\/span><\/h6>\n<h6><span style=\"font-family: Tahoma, Arial, Helvetica, sans-serif;\">Les produits sont livr\u00e9s, conform\u00e9ment au cahier des charges du client, avec un traitement de surface noir, peint ou zingu\u00e9.<\/span><\/h6>\n<p>&nbsp;<\/p>\n<table border=\"0\" color=\"#ffffff\">\n<tbody>\n<tr>\n<td align=\"center\"><img loading=\"lazy\" class=\"alignnone wp-image-183 size-post-thumbnail\" src=\"http:\/\/www.imp-jablonec.cz\/WEBSITES\/wp-content\/uploads\/2015\/10\/prvn\u00ed-mal\u00e1-175x131.jpg\" alt=\"EPSON DSC picture\" width=\"175\" height=\"131\" \/><\/td>\n<td align=\"center\"><img loading=\"lazy\" class=\"alignnone wp-image-180 size-post-thumbnail\" src=\"http:\/\/www.imp-jablonec.cz\/WEBSITES\/wp-content\/uploads\/2015\/10\/druh\u00e1-mal\u00e1-175x131.jpg\" alt=\"EPSON DSC picture\" width=\"175\" height=\"131\" \/><\/td>\n<td align=\"center\"><img loading=\"lazy\" class=\"alignnone wp-image-185 size-post-thumbnail\" src=\"http:\/\/www.imp-jablonec.cz\/WEBSITES\/wp-content\/uploads\/2015\/10\/treti-mala-175x131.jpg\" alt=\"treti mala\" width=\"175\" height=\"131\" \/><\/td>\n<td align=\"center\"><img loading=\"lazy\" class=\"alignnone wp-image-179 size-post-thumbnail\" src=\"http:\/\/www.imp-jablonec.cz\/WEBSITES\/wp-content\/uploads\/2015\/10\/ctvrta-mala-175x131.jpg\" alt=\"ctvrta mala\" width=\"175\" height=\"131\" srcset=\"http:\/\/www.imp-jablonec.cz\/WEBSITES\/wp-content\/uploads\/2015\/10\/ctvrta-mala-175x131.jpg 175w, http:\/\/www.imp-jablonec.cz\/WEBSITES\/wp-content\/uploads\/2015\/10\/ctvrta-mala-300x225.jpg 300w, http:\/\/www.imp-jablonec.cz\/WEBSITES\/wp-content\/uploads\/2015\/10\/ctvrta-mala.jpg 625w\" sizes=\"(max-width: 175px) 100vw, 175px\" \/><\/td>\n<td align=\"center\"><img loading=\"lazy\" class=\"alignnone wp-image-182 size-post-thumbnail\" src=\"http:\/\/www.imp-jablonec.cz\/WEBSITES\/wp-content\/uploads\/2015\/10\/pata-mala-175x131.jpg\" alt=\"pata mala\" width=\"175\" height=\"131\" \/><\/td>\n<td align=\"center\"><img loading=\"lazy\" class=\"alignnone wp-image-184 size-post-thumbnail\" src=\"http:\/\/www.imp-jablonec.cz\/WEBSITES\/wp-content\/uploads\/2015\/10\/sesta-mala-175x131.jpg\" alt=\"sesta mala\" width=\"175\" height=\"131\" \/><\/td>\n<\/tr>\n<\/tbody>\n<\/table>\n<p><\/p>","protected":false},"excerpt":{"rendered":"<p>M\u00e9cano-soudure Conteneurs, Chevalets, Charionts, Rolls, Rayonnages IMP compte parmi les principaux fournisseurs europ\u00e9ens d\u2019\u00e9quipements destin\u00e9s aux stockages et aux transports dynamiques de types de palettes, conteneurs, convoyeurs, rolls, rayonnages, supports, <a href=\"http:\/\/www.imp-jablonec.cz\/fr\/kovovyroba\/\" class=\"more-link\">[&hellip;]<\/a><\/p>\n","protected":false},"author":1,"featured_media":0,"parent":0,"menu_order":2,"comment_status":"closed","ping_status":"closed","template":"","meta":[],"_links":{"self":[{"href":"http:\/\/www.imp-jablonec.cz\/fr\/wp-json\/wp\/v2\/pages\/9"}],"collection":[{"href":"http:\/\/www.imp-jablonec.cz\/fr\/wp-json\/wp\/v2\/pages"}],"about":[{"href":"http:\/\/www.imp-jablonec.cz\/fr\/wp-json\/wp\/v2\/types\/page"}],"author":[{"embeddable":true,"href":"http:\/\/www.imp-jablonec.cz\/fr\/wp-json\/wp\/v2\/users\/1"}],"replies":[{"embeddable":true,"href":"http:\/\/www.imp-jablonec.cz\/fr\/wp-json\/wp\/v2\/comments?post=9"}],"version-history":[{"count":30,"href":"http:\/\/www.imp-jablonec.cz\/fr\/wp-json\/wp\/v2\/pages\/9\/revisions"}],"predecessor-version":[{"id":262,"href":"http:\/\/www.imp-jablonec.cz\/fr\/wp-json\/wp\/v2\/pages\/9\/revisions\/262"}],"wp:attachment":[{"href":"http:\/\/www.imp-jablonec.cz\/fr\/wp-json\/wp\/v2\/media?parent=9"}],"curies":[{"name":"wp","href":"https:\/\/api.w.org\/{rel}","templated":true}]}}