{"id":6,"date":"2015-10-07T09:15:05","date_gmt":"2015-10-07T09:15:05","guid":{"rendered":"http:\/\/www.imp-jablonec.cz\/WEBSITES\/?page_id=6"},"modified":"2023-12-11T08:38:59","modified_gmt":"2023-12-11T08:38:59","slug":"home","status":"publish","type":"page","link":"http:\/\/www.imp-jablonec.cz\/fr\/","title":{"rendered":"Soci\u00e9t\u00e9"},"content":{"rendered":"<p><\/p>\n<h3><span style=\"font-family: Tahoma, Arial, Helvetica, sans-serif;\"><strong><span style=\"color: #000080;\">Soci\u00e9t\u00e9<\/span><a href=\"http:\/\/www.imp-jablonec.cz\/en\/\"><img loading=\"lazy\" class=\"alignright wp-image-132 size-full\" src=\"http:\/\/www.imp-jablonec.cz\/WEBSITES\/wp-content\/uploads\/2015\/10\/gb.png\" alt=\"gb\" width=\"18\" height=\"12\" \/><\/a><a href=\"http:\/\/www.imp-jablonec.cz\/fr\/\"><img loading=\"lazy\" class=\"alignright wp-image-131 size-full\" src=\"http:\/\/www.imp-jablonec.cz\/WEBSITES\/wp-content\/uploads\/2015\/10\/fr.png\" alt=\"fr\" width=\"18\" height=\"12\" \/><\/a><a href=\"http:\/\/www.imp-jablonec.cz\/de\/\"><img loading=\"lazy\" class=\"alignright wp-image-130 size-full\" src=\"http:\/\/www.imp-jablonec.cz\/WEBSITES\/wp-content\/uploads\/2015\/10\/de.png\" alt=\"de\" width=\"18\" height=\"12\" \/><\/a><a href=\"http:\/\/www.imp-jablonec.cz\/cs\/\"><img loading=\"lazy\" class=\"alignright wp-image-129 size-full\" src=\"http:\/\/www.imp-jablonec.cz\/WEBSITES\/wp-content\/uploads\/2015\/10\/cz.png\" alt=\"cz\" width=\"18\" height=\"12\" \/><\/a><\/strong><\/span><\/h3>\n<h6><span style=\"font-family: Tahoma, Arial, Helvetica, sans-serif;\">La soci\u00e9t\u00e9 IMP se situe \u00e0 Jablonec nad Nisou en R\u00e9publique Tch\u00e8que. La r\u00e9gion est r\u00e9put\u00e9e pour son savoir-faire dans les industries du verre des bijoux et la construction m\u00e9canique. IMP apr\u00e8s pr\u00e8s de 50 ans de production de ch\u00e2ssis pour camions, s\u2019est depuis sp\u00e9cialis\u00e9e dans la construction m\u00e9tallique.De par son volume de production, sa taille et sa notori\u00e9t\u00e9, IMP est l\u2019une des plus grandes entreprise familiale de la r\u00e9gion avec plus de 220 employ\u00e9s.<\/span><\/h6>\n<h6><span style=\"font-family: Tahoma, Arial, Helvetica, sans-serif;\">La soci\u00e9t\u00e9 IMP est \u00e9galement reconnue pour sa flexibilit\u00e9, son innovation permanente et son go\u00fbt pour les nouvelles technologies. IMP dispose de son propre bureau d\u00b4\u00e9tude compos\u00e9 d\u2019une \u00e9quipe d\u2019ing\u00e9nieurs. C\u00b4est pourquoi elle peut offrir \u00e0 ses clients, s\u2019ils le souhaitent, une prestation globale de la r\u00e9alisation en 3D \u00e0 la production de s\u00e9rie en passant par le d\u00e9veloppement, l\u2019avant-projet et la phase de prototypage. Gr\u00e2ce \u00e0 la compl\u00e9mentarit\u00e9 de ses comp\u00e9tences, IMP occupe une place significative sur les march\u00e9s exigeants en Europe occidentale.<\/span><\/h6>\n<h6><span style=\"font-family: Tahoma, Arial, Helvetica, sans-serif;\">IMP fait partie, depuis sa cr\u00e9ation, du Groupe Maillard Industrie (GMI), bas\u00e9 \u00e0 Autechaux en France. Des \u00e9changes entre les deux entit\u00e9s s\u2019effectuent quotidiennement pour am\u00e9liorer le d\u00e9veloppement des processus de fabrication et des \u00e9quipements. Pr\u00e8s de 90% de la production du Groupe est destin\u00e9e \u00e0 l\u2019export dans la plupart des pays d\u2019Europe occidentale (Allemagne, Pays-Bas, Belgique, France, Suisse, Grande-Bretagne, Autriche, Danemark ou Italie) mais aussi vers des march\u00e9s plus \u00e9loign\u00e9s comme la Russie, l\u2019Alg\u00e9rie, le Canada ou le Br\u00e9sil.<\/span><\/h6>\n<h6><span style=\"font-family: Tahoma, Arial, Helvetica, sans-serif;\">Gr\u00e2ce \u00e0 sa politique qualit\u00e9, au respect des d\u00e9lais de livraison et \u00e0 des prix comp\u00e9titifs, la soci\u00e9t\u00e9 IMP occupe aujourd\u2019hui une place importante sur le march\u00e9 des fournisseurs d\u2019\u00e9quipements destin\u00e9s aux stockages et aux transports dynamiques. La soci\u00e9t\u00e9 poss\u00e8de \u00e9galement une certification (r\u00e9f\u00e9rence DIN EN 1090-2) concernant la soudure et la gestion de la production<\/span><\/h6>\n<table border=\"0\">\n<tbody>\n<tr>\n<td align=\"left\"><a href=\"http:\/\/www.imp-jablonec.cz\/fr\/kovovyroba\/\"><img loading=\"lazy\" class=\"alignnone wp-image-163 size-medium\" src=\"http:\/\/www.imp-jablonec.cz\/WEBSITES\/wp-content\/uploads\/2015\/10\/boxy-kovo-FR-300x300.jpg\" alt=\"boxy-kovo-FR\" width=\"300\" height=\"300\" srcset=\"http:\/\/www.imp-jablonec.cz\/WEBSITES\/wp-content\/uploads\/2015\/10\/boxy-kovo-FR-300x300.jpg 300w, http:\/\/www.imp-jablonec.cz\/WEBSITES\/wp-content\/uploads\/2015\/10\/boxy-kovo-FR-150x150.jpg 150w, http:\/\/www.imp-jablonec.cz\/WEBSITES\/wp-content\/uploads\/2015\/10\/boxy-kovo-FR-1024x1024.jpg 1024w, http:\/\/www.imp-jablonec.cz\/WEBSITES\/wp-content\/uploads\/2015\/10\/boxy-kovo-FR-500x500.jpg 500w, http:\/\/www.imp-jablonec.cz\/WEBSITES\/wp-content\/uploads\/2015\/10\/boxy-kovo-FR.jpg 1667w\" sizes=\"(max-width: 300px) 100vw, 300px\" \/><\/a><\/td>\n<td align=\"center\"><a href=\"http:\/\/www.imp-jablonec.cz\/fr\/vakuove-tvarovani-plastu\/\"><img loading=\"lazy\" class=\"alignnone wp-image-167 size-medium\" src=\"http:\/\/www.imp-jablonec.cz\/WEBSITES\/wp-content\/uploads\/2015\/10\/boxy-plasty-FR-300x300.jpg\" alt=\"boxy-plasty-FR\" width=\"300\" height=\"300\" srcset=\"http:\/\/www.imp-jablonec.cz\/WEBSITES\/wp-content\/uploads\/2015\/10\/boxy-plasty-FR-300x300.jpg 300w, http:\/\/www.imp-jablonec.cz\/WEBSITES\/wp-content\/uploads\/2015\/10\/boxy-plasty-FR-150x150.jpg 150w, http:\/\/www.imp-jablonec.cz\/WEBSITES\/wp-content\/uploads\/2015\/10\/boxy-plasty-FR-1024x1024.jpg 1024w, http:\/\/www.imp-jablonec.cz\/WEBSITES\/wp-content\/uploads\/2015\/10\/boxy-plasty-FR-500x500.jpg 500w, http:\/\/www.imp-jablonec.cz\/WEBSITES\/wp-content\/uploads\/2015\/10\/boxy-plasty-FR.jpg 1667w\" sizes=\"(max-width: 300px) 100vw, 300px\" \/><\/a><\/td>\n<td align=\"right\"><a href=\"http:\/\/www.imp-jablonec.cz\/fr\/drateny-program\/\"><img loading=\"lazy\" class=\"alignnone wp-image-159 size-medium\" src=\"http:\/\/www.imp-jablonec.cz\/WEBSITES\/wp-content\/uploads\/2015\/10\/boxy-dr\u00e1ty-FR-300x300.jpg\" alt=\"boxy-dr\u00e1ty - FR\" width=\"300\" height=\"300\" srcset=\"http:\/\/www.imp-jablonec.cz\/WEBSITES\/wp-content\/uploads\/2015\/10\/boxy-dr\u00e1ty-FR-300x300.jpg 300w, http:\/\/www.imp-jablonec.cz\/WEBSITES\/wp-content\/uploads\/2015\/10\/boxy-dr\u00e1ty-FR-150x150.jpg 150w, http:\/\/www.imp-jablonec.cz\/WEBSITES\/wp-content\/uploads\/2015\/10\/boxy-dr\u00e1ty-FR-1024x1024.jpg 1024w, http:\/\/www.imp-jablonec.cz\/WEBSITES\/wp-content\/uploads\/2015\/10\/boxy-dr\u00e1ty-FR-500x500.jpg 500w, http:\/\/www.imp-jablonec.cz\/WEBSITES\/wp-content\/uploads\/2015\/10\/boxy-dr\u00e1ty-FR.jpg 1667w\" sizes=\"(max-width: 300px) 100vw, 300px\" \/><\/a><\/td>\n<\/tr>\n<\/tbody>\n<\/table>\n<p><\/p>","protected":false},"excerpt":{"rendered":"<p>Soci\u00e9t\u00e9 La soci\u00e9t\u00e9 IMP se situe \u00e0 Jablonec nad Nisou en R\u00e9publique Tch\u00e8que. La r\u00e9gion est r\u00e9put\u00e9e pour son savoir-faire dans les industries du verre des bijoux et la construction <a href=\"http:\/\/www.imp-jablonec.cz\/fr\/\" class=\"more-link\">[&hellip;]<\/a><\/p>\n","protected":false},"author":1,"featured_media":0,"parent":0,"menu_order":1,"comment_status":"closed","ping_status":"closed","template":"","meta":[],"_links":{"self":[{"href":"http:\/\/www.imp-jablonec.cz\/fr\/wp-json\/wp\/v2\/pages\/6"}],"collection":[{"href":"http:\/\/www.imp-jablonec.cz\/fr\/wp-json\/wp\/v2\/pages"}],"about":[{"href":"http:\/\/www.imp-jablonec.cz\/fr\/wp-json\/wp\/v2\/types\/page"}],"author":[{"embeddable":true,"href":"http:\/\/www.imp-jablonec.cz\/fr\/wp-json\/wp\/v2\/users\/1"}],"replies":[{"embeddable":true,"href":"http:\/\/www.imp-jablonec.cz\/fr\/wp-json\/wp\/v2\/comments?post=6"}],"version-history":[{"count":60,"href":"http:\/\/www.imp-jablonec.cz\/fr\/wp-json\/wp\/v2\/pages\/6\/revisions"}],"predecessor-version":[{"id":473,"href":"http:\/\/www.imp-jablonec.cz\/fr\/wp-json\/wp\/v2\/pages\/6\/revisions\/473"}],"wp:attachment":[{"href":"http:\/\/www.imp-jablonec.cz\/fr\/wp-json\/wp\/v2\/media?parent=6"}],"curies":[{"name":"wp","href":"https:\/\/api.w.org\/{rel}","templated":true}]}}