{"id":16,"date":"2015-10-07T09:34:19","date_gmt":"2015-10-07T09:34:19","guid":{"rendered":"http:\/\/www.imp-jablonec.cz\/WEBSITES\/?page_id=16"},"modified":"2018-05-24T08:52:38","modified_gmt":"2018-05-24T08:52:38","slug":"kontakt","status":"publish","type":"page","link":"http:\/\/www.imp-jablonec.cz\/fr\/kontakt\/","title":{"rendered":"Contact"},"content":{"rendered":"<p><\/p>\n<h3><span style=\"font-family: Tahoma, Arial, Helvetica, sans-serif; color: #000080;\"><strong>Contact<a style=\"color: #000080;\" href=\"http:\/\/www.imp-jablonec.cz\/en\/kontakt\/\"><img loading=\"lazy\" class=\"alignright wp-image-132 size-full\" src=\"http:\/\/www.imp-jablonec.cz\/WEBSITES\/wp-content\/uploads\/2015\/10\/gb.png\" alt=\"gb\" width=\"18\" height=\"12\" \/><\/a><a style=\"color: #000080;\" href=\"http:\/\/www.imp-jablonec.cz\/fr\/kontakt\/\"><img loading=\"lazy\" class=\"alignright wp-image-131 size-full\" src=\"http:\/\/www.imp-jablonec.cz\/WEBSITES\/wp-content\/uploads\/2015\/10\/fr.png\" alt=\"fr\" width=\"18\" height=\"12\" \/><\/a><a style=\"color: #000080;\" href=\"http:\/\/www.imp-jablonec.cz\/de\/kontakt\/\"><img loading=\"lazy\" class=\"alignright wp-image-130 size-full\" src=\"http:\/\/www.imp-jablonec.cz\/WEBSITES\/wp-content\/uploads\/2015\/10\/de.png\" alt=\"de\" width=\"18\" height=\"12\" \/><\/a><a style=\"color: #000080;\" href=\"http:\/\/www.imp-jablonec.cz\/cs\/kontakt\/\"><img loading=\"lazy\" class=\"alignright wp-image-129 size-full\" src=\"http:\/\/www.imp-jablonec.cz\/WEBSITES\/wp-content\/uploads\/2015\/10\/cz.png\" alt=\"cz\" width=\"18\" height=\"12\" \/><\/a><\/strong><\/span><\/h3>\n<h4><span style=\"font-family: Tahoma, Arial, Helvetica, sans-serif; color: #000080;\"><em>International Metal Plast spol. s r.o.<\/em><\/span><\/h4>\n<div style=\"width: 40%; padding: 0 10pt 0 0; float: left;\">\n<h6><span style=\"font-family: Tahoma, Arial, Helvetica, sans-serif;\">Rychnovsk\u00e1 326,<\/span><br \/>\n<span style=\"font-family: Tahoma, Arial, Helvetica, sans-serif;\"> Kokon\u00edn 46801<\/span><br \/>\n<span style=\"font-family: Tahoma, Arial, Helvetica, sans-serif;\"> Jablonec nad Nisou<\/span><br \/>\n<span style=\"font-family: Tahoma, Arial, Helvetica, sans-serif;\"> \u010cesk\u00e1 republika<\/span><\/h6>\n<h6><span style=\"font-family: Tahoma, Arial, Helvetica, sans-serif;\">Tel.:\u00a0+420\u00a0483\u00a0333\u00a0711<br \/>\n<\/span><span style=\"font-family: Tahoma, Arial, Helvetica, sans-serif;\">Fax:\u00a0+420\u00a0483\u00a0333\u00a0777<\/span><\/h6>\n<h6><span style=\"font-family: Tahoma, Arial, Helvetica, sans-serif;\">Email:\u00a0imp@imp-jablonec.cz<\/span><\/h6>\n<h6><span style=\"font-family: Tahoma, Arial, Helvetica, sans-serif;\">I\u010c:\u00a047309547<br \/>\n<\/span><span style=\"font-family: Tahoma, Arial, Helvetica, sans-serif;\">DI\u010c:\u00a0CZ47309547<\/span><\/h6>\n<p><iframe style=\"border: 0;\" src=\"https:\/\/www.google.com\/maps\/embed?pb=!1m14!1m8!1m3!1d10108.700836590004!2d15.1648885!3d50.6981331!3m2!1i1024!2i768!4f13.1!3m3!1m2!1s0x0%3A0x99fc20ae8310bb3b!2sInternational+Metal+Plast+spol.+s+r.o.!5e0!3m2!1scs!2scz!4v1448020328104\" width=\"600\" height=\"450\" frameborder=\"0\" allowfullscreen=\"allowfullscreen\"><\/iframe><\/p>\n<\/div>\n<div style=\"width: 50%; padding: 0 10pt 0 0; float: right;\">\n<h6><span style=\"font-family: Tahoma, Arial, Helvetica, sans-serif;\">Formulaire de Contact<\/span><\/h6>\n<div role=\"form\" class=\"wpcf7\" id=\"wpcf7-f214-o3\" lang=\"fr-FR\" dir=\"ltr\">\n<div class=\"screen-reader-response\"><p role=\"status\" aria-live=\"polite\" aria-atomic=\"true\"><\/p> <ul><\/ul><\/div>\n<form action=\"\/fr\/wp-json\/wp\/v2\/pages\/16#wpcf7-f214-o3\" method=\"post\" class=\"wpcf7-form init\" novalidate=\"novalidate\" data-status=\"init\">\n<div style=\"display: none;\">\n<input type=\"hidden\" name=\"_wpcf7\" value=\"214\" \/>\n<input type=\"hidden\" name=\"_wpcf7_version\" value=\"5.3.2\" \/>\n<input type=\"hidden\" name=\"_wpcf7_locale\" value=\"fr_FR\" \/>\n<input type=\"hidden\" name=\"_wpcf7_unit_tag\" value=\"wpcf7-f214-o3\" \/>\n<input type=\"hidden\" name=\"_wpcf7_container_post\" value=\"0\" \/>\n<input type=\"hidden\" name=\"_wpcf7_posted_data_hash\" value=\"\" \/>\n<\/div>\n<p>Votre nom (obligatoire)<br \/>\n    <span class=\"wpcf7-form-control-wrap your-name\"><input type=\"text\" name=\"your-name\" value=\"\" size=\"40\" class=\"wpcf7-form-control wpcf7-text wpcf7-validates-as-required\" aria-required=\"true\" aria-invalid=\"false\" \/><\/span> <\/p>\n<p>Votre email (obligatoire)<br \/>\n    <span class=\"wpcf7-form-control-wrap your-email\"><input type=\"email\" name=\"your-email\" value=\"\" size=\"40\" class=\"wpcf7-form-control wpcf7-text wpcf7-email wpcf7-validates-as-required wpcf7-validates-as-email\" aria-required=\"true\" aria-invalid=\"false\" \/><\/span> <\/p>\n<p>Sujet<br \/>\n    <span class=\"wpcf7-form-control-wrap your-subject\"><input type=\"text\" name=\"your-subject\" value=\"\" size=\"40\" class=\"wpcf7-form-control wpcf7-text\" aria-invalid=\"false\" \/><\/span> <\/p>\n<p>Votre message<br \/>\n    <span class=\"wpcf7-form-control-wrap your-message\"><textarea name=\"your-message\" cols=\"40\" rows=\"10\" class=\"wpcf7-form-control wpcf7-textarea\" aria-invalid=\"false\"><\/textarea><\/span> <\/p>\n<p><input type=\"submit\" value=\"Envoyer\" class=\"wpcf7-form-control wpcf7-submit\" \/><\/p>\n<div class=\"wpcf7-response-output\" aria-hidden=\"true\"><\/div><\/form><\/div>\n<p><center><a href=\"http:\/\/www.imp-jablonec.cz\/WEBSITES\/wp-content\/uploads\/2018\/05\/imp_gdpr_2018.pdf\">G D P R<\/a><\/center><\/p>\n<\/div>\n<p>&nbsp;<\/p>\n<p>&nbsp;<\/p>\n<p>&nbsp;<\/p>\n<p><img loading=\"lazy\" class=\"alignright size-large wp-image-361\" src=\"http:\/\/www.imp-jablonec.cz\/WEBSITES\/wp-content\/uploads\/2015\/10\/Loga-1024x273.jpg\" alt=\"Loga\" width=\"1024\" height=\"273\" srcset=\"http:\/\/www.imp-jablonec.cz\/WEBSITES\/wp-content\/uploads\/2015\/10\/Loga-1024x273.jpg 1024w, http:\/\/www.imp-jablonec.cz\/WEBSITES\/wp-content\/uploads\/2015\/10\/Loga-300x80.jpg 300w, http:\/\/www.imp-jablonec.cz\/WEBSITES\/wp-content\/uploads\/2015\/10\/Loga-1025x273.jpg 1025w, http:\/\/www.imp-jablonec.cz\/WEBSITES\/wp-content\/uploads\/2015\/10\/Loga.jpg 1200w\" sizes=\"(max-width: 1024px) 100vw, 1024px\" \/><\/p>","protected":false},"excerpt":{"rendered":"<p>Contact International Metal Plast spol. s r.o. Rychnovsk\u00e1 326, Kokon\u00edn 46801 Jablonec nad Nisou \u010cesk\u00e1 republika Tel.:\u00a0+420\u00a0483\u00a0333\u00a0711 Fax:\u00a0+420\u00a0483\u00a0333\u00a0777 Email:\u00a0imp@imp-jablonec.cz I\u010c:\u00a047309547 DI\u010c:\u00a0CZ47309547 Formulaire de Contact G D P R &nbsp; &nbsp; <a href=\"http:\/\/www.imp-jablonec.cz\/fr\/kontakt\/\" class=\"more-link\">[&hellip;]<\/a><\/p>\n","protected":false},"author":1,"featured_media":0,"parent":0,"menu_order":6,"comment_status":"closed","ping_status":"closed","template":"","meta":[],"_links":{"self":[{"href":"http:\/\/www.imp-jablonec.cz\/fr\/wp-json\/wp\/v2\/pages\/16"}],"collection":[{"href":"http:\/\/www.imp-jablonec.cz\/fr\/wp-json\/wp\/v2\/pages"}],"about":[{"href":"http:\/\/www.imp-jablonec.cz\/fr\/wp-json\/wp\/v2\/types\/page"}],"author":[{"embeddable":true,"href":"http:\/\/www.imp-jablonec.cz\/fr\/wp-json\/wp\/v2\/users\/1"}],"replies":[{"embeddable":true,"href":"http:\/\/www.imp-jablonec.cz\/fr\/wp-json\/wp\/v2\/comments?post=16"}],"version-history":[{"count":40,"href":"http:\/\/www.imp-jablonec.cz\/fr\/wp-json\/wp\/v2\/pages\/16\/revisions"}],"predecessor-version":[{"id":390,"href":"http:\/\/www.imp-jablonec.cz\/fr\/wp-json\/wp\/v2\/pages\/16\/revisions\/390"}],"wp:attachment":[{"href":"http:\/\/www.imp-jablonec.cz\/fr\/wp-json\/wp\/v2\/media?parent=16"}],"curies":[{"name":"wp","href":"https:\/\/api.w.org\/{rel}","templated":true}]}}