{"id":13,"date":"2015-10-07T09:33:31","date_gmt":"2015-10-07T09:33:31","guid":{"rendered":"http:\/\/www.imp-jablonec.cz\/WEBSITES\/?page_id=13"},"modified":"2015-11-20T09:47:58","modified_gmt":"2015-11-20T09:47:58","slug":"drateny-program","status":"publish","type":"page","link":"http:\/\/www.imp-jablonec.cz\/fr\/drateny-program\/","title":{"rendered":"Soudage par r\u00e9sistance"},"content":{"rendered":"<p><\/p>\n<h3><span style=\"color: #000080;\"><strong>Soudage par r\u00e9sistance<a style=\"color: #000080;\" href=\"http:\/\/www.imp-jablonec.cz\/en\/drateny-program\/\"><img loading=\"lazy\" class=\"alignright wp-image-132 size-full\" src=\"http:\/\/www.imp-jablonec.cz\/WEBSITES\/wp-content\/uploads\/2015\/10\/gb.png\" alt=\"gb\" width=\"18\" height=\"12\" \/><\/a><a style=\"color: #000080;\" href=\"http:\/\/www.imp-jablonec.cz\/fr\/drateny-program\/\"><img loading=\"lazy\" class=\"alignright wp-image-131 size-full\" src=\"http:\/\/www.imp-jablonec.cz\/WEBSITES\/wp-content\/uploads\/2015\/10\/fr.png\" alt=\"fr\" width=\"18\" height=\"12\" \/><\/a><a style=\"color: #000080;\" href=\"http:\/\/www.imp-jablonec.cz\/de\/drateny-program\/\"><img loading=\"lazy\" class=\"alignright wp-image-130 size-full\" src=\"http:\/\/www.imp-jablonec.cz\/WEBSITES\/wp-content\/uploads\/2015\/10\/de.png\" alt=\"de\" width=\"18\" height=\"12\" \/><\/a><a style=\"color: #000080;\" href=\"http:\/\/www.imp-jablonec.cz\/cs\/drateny-program\/\"><img loading=\"lazy\" class=\"alignright wp-image-129 size-full\" src=\"http:\/\/www.imp-jablonec.cz\/WEBSITES\/wp-content\/uploads\/2015\/10\/cz.png\" alt=\"cz\" width=\"18\" height=\"12\" \/><\/a><\/strong><\/span><\/h3>\n<h4><span style=\"color: #000080;\"><em><span style=\"font-family: Tahoma, Arial, Helvetica, sans-serif;\">Fils m\u00e9taliques, Panneaux grillag\u00e9s, Conteneurs en fils m\u00e9taliques, Gabion<\/span><\/em><\/span><\/h4>\n<h6><span style=\"font-family: Tahoma, Arial, Helvetica, sans-serif;\"><img loading=\"lazy\" class=\"alignright wp-image-269\" src=\"http:\/\/www.imp-jablonec.cz\/WEBSITES\/wp-content\/uploads\/2015\/10\/hlavni-772x1024.jpg\" alt=\"hlavni\" width=\"301\" height=\"400\" srcset=\"http:\/\/www.imp-jablonec.cz\/WEBSITES\/wp-content\/uploads\/2015\/10\/hlavni-772x1024.jpg 772w, http:\/\/www.imp-jablonec.cz\/WEBSITES\/wp-content\/uploads\/2015\/10\/hlavni-226x300.jpg 226w, http:\/\/www.imp-jablonec.cz\/WEBSITES\/wp-content\/uploads\/2015\/10\/hlavni-377x500.jpg 377w, http:\/\/www.imp-jablonec.cz\/WEBSITES\/wp-content\/uploads\/2015\/10\/hlavni.jpg 1388w\" sizes=\"(max-width: 301px) 100vw, 301px\" \/>L\u00b4usine est \u00e9quip\u00e9e de machines modernes automatiques et semi-automatique et de plusieurs postes de soudure par r\u00e9sistance qui permettent de produire des treillis en fils de dimensions jusqu\u00b4\u00e0 2500x5000mm, de diam\u00e8tre de 1,5 \u00e0 12 mm et des mailles de 25x25mm.<\/span><\/h6>\n<h6><span style=\"font-family: Tahoma, Arial, Helvetica, sans-serif;\">IMP est capable de produire des treillis en fils m\u00e9taliques, des panneaux grillag\u00e9s, des conteneurs en fils m\u00e9talliques ainsi que des paniers selon tous types d\u00b4exigences (ex: panier fil \u2013 gabion). Le traitement de surface peut \u00eatre noir, peint ou zinqu\u00e9. Une grande partie de cette division comprend la production de cl\u00f4tures mobiles pour la protection des b\u00e2timents, y compris la fabrication sur mesure de grands portails d\u00b4entr\u00e9e et de securit\u00e9.<\/span><\/h6>\n<h6><span style=\"font-family: Tahoma, Arial, Helvetica, sans-serif;\">Notre client\u00e8le est compos\u00e9e de soci\u00e9t\u00e9s renomm\u00e9es dans le domaine de la logistique, de l\u00b4emballage industriel, de l\u00b4industrie automobile, des syst\u00e8mes de protection de clot\u00fbre et syst\u00e8me du gabion.<\/span><\/h6>\n<p>&nbsp;<\/p>\n<table border=\"0\">\n<tbody>\n<tr>\n<td align=\"center\"><img loading=\"lazy\" class=\"alignnone size-post-thumbnail wp-image-263\" src=\"http:\/\/www.imp-jablonec.cz\/WEBSITES\/wp-content\/uploads\/2015\/10\/1-maly1-175x131.jpg\" alt=\"1 maly\" width=\"175\" height=\"131\" \/><\/td>\n<td align=\"center\"><img loading=\"lazy\" class=\"alignnone size-post-thumbnail wp-image-264\" src=\"http:\/\/www.imp-jablonec.cz\/WEBSITES\/wp-content\/uploads\/2015\/10\/2-maly1-175x131.jpg\" alt=\"2 maly\" width=\"175\" height=\"131\" \/><\/td>\n<td align=\"center\"><img loading=\"lazy\" class=\"alignnone size-post-thumbnail wp-image-265\" src=\"http:\/\/www.imp-jablonec.cz\/WEBSITES\/wp-content\/uploads\/2015\/10\/3-maly1-175x131.jpg\" alt=\"3 maly\" width=\"175\" height=\"131\" \/><\/td>\n<td align=\"center\"><img loading=\"lazy\" class=\"alignnone size-post-thumbnail wp-image-266\" src=\"http:\/\/www.imp-jablonec.cz\/WEBSITES\/wp-content\/uploads\/2015\/10\/4-maly1-175x131.jpg\" alt=\"4 maly\" width=\"175\" height=\"131\" \/><\/td>\n<td align=\"center\"><img loading=\"lazy\" class=\"alignnone size-post-thumbnail wp-image-267\" src=\"http:\/\/www.imp-jablonec.cz\/WEBSITES\/wp-content\/uploads\/2015\/10\/5-maly1-175x131.jpg\" alt=\"5 maly\" width=\"175\" height=\"131\" \/><\/td>\n<td align=\"center\"><img loading=\"lazy\" class=\"alignnone size-post-thumbnail wp-image-268\" src=\"http:\/\/www.imp-jablonec.cz\/WEBSITES\/wp-content\/uploads\/2015\/10\/6-maly1-175x131.jpg\" alt=\"6 maly\" width=\"175\" height=\"131\" \/><\/td>\n<\/tr>\n<\/tbody>\n<\/table>\n<p>&nbsp;<\/p>","protected":false},"excerpt":{"rendered":"<p>Soudage par r\u00e9sistance Fils m\u00e9taliques, Panneaux grillag\u00e9s, Conteneurs en fils m\u00e9taliques, Gabion L\u00b4usine est \u00e9quip\u00e9e de machines modernes automatiques et semi-automatique et de plusieurs postes de soudure par r\u00e9sistance qui <a href=\"http:\/\/www.imp-jablonec.cz\/fr\/drateny-program\/\" class=\"more-link\">[&hellip;]<\/a><\/p>\n","protected":false},"author":1,"featured_media":0,"parent":0,"menu_order":4,"comment_status":"closed","ping_status":"closed","template":"","meta":[],"_links":{"self":[{"href":"http:\/\/www.imp-jablonec.cz\/fr\/wp-json\/wp\/v2\/pages\/13"}],"collection":[{"href":"http:\/\/www.imp-jablonec.cz\/fr\/wp-json\/wp\/v2\/pages"}],"about":[{"href":"http:\/\/www.imp-jablonec.cz\/fr\/wp-json\/wp\/v2\/types\/page"}],"author":[{"embeddable":true,"href":"http:\/\/www.imp-jablonec.cz\/fr\/wp-json\/wp\/v2\/users\/1"}],"replies":[{"embeddable":true,"href":"http:\/\/www.imp-jablonec.cz\/fr\/wp-json\/wp\/v2\/comments?post=13"}],"version-history":[{"count":17,"href":"http:\/\/www.imp-jablonec.cz\/fr\/wp-json\/wp\/v2\/pages\/13\/revisions"}],"predecessor-version":[{"id":271,"href":"http:\/\/www.imp-jablonec.cz\/fr\/wp-json\/wp\/v2\/pages\/13\/revisions\/271"}],"wp:attachment":[{"href":"http:\/\/www.imp-jablonec.cz\/fr\/wp-json\/wp\/v2\/media?parent=13"}],"curies":[{"name":"wp","href":"https:\/\/api.w.org\/{rel}","templated":true}]}}