{"id":11,"date":"2015-10-07T09:32:48","date_gmt":"2015-10-07T09:32:48","guid":{"rendered":"http:\/\/www.imp-jablonec.cz\/WEBSITES\/?page_id=11"},"modified":"2015-11-20T09:37:12","modified_gmt":"2015-11-20T09:37:12","slug":"vakuove-tvarovani-plastu","status":"publish","type":"page","link":"http:\/\/www.imp-jablonec.cz\/fr\/vakuove-tvarovani-plastu\/","title":{"rendered":"Thermoformage"},"content":{"rendered":"<p><\/p>\n<h3><span style=\"color: #000080;\"><strong><span style=\"font-family: Tahoma, Arial, Helvetica, sans-serif;\">Thermoformage<a style=\"color: #000080;\" href=\"http:\/\/www.imp-jablonec.cz\/en\/vakuove-tvarovani-plastu\/\"><img loading=\"lazy\" class=\"alignright wp-image-132 size-full\" src=\"http:\/\/www.imp-jablonec.cz\/WEBSITES\/wp-content\/uploads\/2015\/10\/gb.png\" alt=\"gb\" width=\"18\" height=\"12\" \/><\/a><a style=\"color: #000080;\" href=\"http:\/\/www.imp-jablonec.cz\/fr\/vakuove-tvarovani-plastu\/\"><img loading=\"lazy\" class=\"alignright wp-image-131 size-full\" src=\"http:\/\/www.imp-jablonec.cz\/WEBSITES\/wp-content\/uploads\/2015\/10\/fr.png\" alt=\"fr\" width=\"18\" height=\"12\" \/><\/a><a style=\"color: #000080;\" href=\"http:\/\/www.imp-jablonec.cz\/de\/vakuove-tvarovani-plastu\/\"><img loading=\"lazy\" class=\"alignright wp-image-130 size-full\" src=\"http:\/\/www.imp-jablonec.cz\/WEBSITES\/wp-content\/uploads\/2015\/10\/de.png\" alt=\"de\" width=\"18\" height=\"12\" \/><\/a><a style=\"color: #000080;\" href=\"http:\/\/www.imp-jablonec.cz\/cs\/vakuove-tvarovani-plastu\/\"><img loading=\"lazy\" class=\"alignright wp-image-129 size-full\" src=\"http:\/\/www.imp-jablonec.cz\/WEBSITES\/wp-content\/uploads\/2015\/10\/cz.png\" alt=\"cz\" width=\"18\" height=\"12\" \/><\/a><\/span><\/strong><\/span><\/h3>\n<h4><span style=\"font-family: Tahoma, Arial, Helvetica, sans-serif; color: #000080;\"><em>Intercalaires, couvercles, capotage<\/em><\/span><\/h4>\n<h6><span style=\"font-family: Tahoma, Arial, Helvetica, sans-serif;\"><img loading=\"lazy\" class=\"alignright wp-image-257\" src=\"http:\/\/www.imp-jablonec.cz\/WEBSITES\/wp-content\/uploads\/2015\/10\/hlavni-fotka-772x1024.jpg\" alt=\"hlavni fotka\" width=\"301\" height=\"400\" srcset=\"http:\/\/www.imp-jablonec.cz\/WEBSITES\/wp-content\/uploads\/2015\/10\/hlavni-fotka-772x1024.jpg 772w, http:\/\/www.imp-jablonec.cz\/WEBSITES\/wp-content\/uploads\/2015\/10\/hlavni-fotka-226x300.jpg 226w, http:\/\/www.imp-jablonec.cz\/WEBSITES\/wp-content\/uploads\/2015\/10\/hlavni-fotka-377x500.jpg 377w, http:\/\/www.imp-jablonec.cz\/WEBSITES\/wp-content\/uploads\/2015\/10\/hlavni-fotka.jpg 1388w\" sizes=\"(max-width: 301px) 100vw, 301px\" \/>Cette division int\u00e8gre la fabrication de pi\u00e8ces en mati\u00e8re plastique jusqu\u00b4aux dimensions de 2050&#215;1550 mm sur les machines automatiques. Pour les phases de finition et les d\u00e9coupes techniques, l\u00b4atelier est \u00e9quip\u00e9 de machines CNC.<\/span><\/h6>\n<h6><span style=\"font-family: Tahoma, Arial, Helvetica, sans-serif;\">Les mati\u00e8res thermoform\u00e9es sont les suivantes: ABS, HDPE, HIPS, PET-A, PET-G, PP, PS-ESD. Les couleurs, les diff\u00e9rents aspects, la stabilisation aux UV ainsi que les propri\u00e9t\u00e9s antistatiques (ESD) sont pr\u00e9par\u00e9s \u00e0 la demande du client. L\u00b4\u00e9paisseur des plaques utilis\u00e9es varie entre 0,4 et 12 mm.<\/span><\/h6>\n<h6><span style=\"font-family: Tahoma, Arial, Helvetica, sans-serif;\">IMP est capable de d\u00e9velopper et de produire sur commande toutes pi\u00e8ces techniques pouvant \u00eatre thermoform\u00e9es. La division fabrique des intercalaires et des emballages durables utilis\u00e9s dans l\u00b4industrie automobile pour la logistique des composants. Les intercalaires peuvent \u00eatre soit autoportants soit plac\u00e9s dans des conteneurs. La division produit \u00e9galement des palettes plastiques, des couvercles et des sous-ensembles de panneaux solaires ainsi que des capotages de carters pour machines.<\/span><\/h6>\n<p>&nbsp;<\/p>\n<table border=\"0\" color=\"#ffffff\">\n<tbody>\n<tr>\n<td align=\"center\"><img loading=\"lazy\" class=\"alignnone size-post-thumbnail wp-image-251\" src=\"http:\/\/www.imp-jablonec.cz\/WEBSITES\/wp-content\/uploads\/2015\/10\/1-maly-175x131.jpg\" alt=\"1 maly\" width=\"175\" height=\"131\" \/><\/td>\n<td align=\"center\"><img loading=\"lazy\" class=\"alignnone wp-image-252 size-post-thumbnail\" src=\"http:\/\/www.imp-jablonec.cz\/WEBSITES\/wp-content\/uploads\/2015\/10\/2-maly-175x131.jpg\" alt=\"2 maly\" width=\"175\" height=\"131\" \/><\/td>\n<td align=\"center\"><img loading=\"lazy\" class=\"alignnone size-post-thumbnail wp-image-253\" src=\"http:\/\/www.imp-jablonec.cz\/WEBSITES\/wp-content\/uploads\/2015\/10\/3-maly-175x131.jpg\" alt=\"3 maly\" width=\"175\" height=\"131\" \/><\/td>\n<td align=\"center\"><img loading=\"lazy\" class=\"alignnone size-post-thumbnail wp-image-254\" src=\"http:\/\/www.imp-jablonec.cz\/WEBSITES\/wp-content\/uploads\/2015\/10\/4-maly-175x131.jpg\" alt=\"4 maly\" width=\"175\" height=\"131\" \/><\/td>\n<td align=\"center\"><img loading=\"lazy\" class=\"alignnone size-post-thumbnail wp-image-255\" src=\"http:\/\/www.imp-jablonec.cz\/WEBSITES\/wp-content\/uploads\/2015\/10\/5-maly-175x131.jpg\" alt=\"5 maly\" width=\"175\" height=\"131\" \/><\/td>\n<td align=\"center\"><img loading=\"lazy\" class=\"alignnone size-post-thumbnail wp-image-256\" src=\"http:\/\/www.imp-jablonec.cz\/WEBSITES\/wp-content\/uploads\/2015\/10\/6-maly-175x131.jpg\" alt=\"6 maly\" width=\"175\" height=\"131\" \/><\/td>\n<\/tr>\n<\/tbody>\n<\/table>\n<p>&nbsp;<\/p>","protected":false},"excerpt":{"rendered":"<p>Thermoformage Intercalaires, couvercles, capotage Cette division int\u00e8gre la fabrication de pi\u00e8ces en mati\u00e8re plastique jusqu\u00b4aux dimensions de 2050&#215;1550 mm sur les machines automatiques. Pour les phases de finition et les <a href=\"http:\/\/www.imp-jablonec.cz\/fr\/vakuove-tvarovani-plastu\/\" class=\"more-link\">[&hellip;]<\/a><\/p>\n","protected":false},"author":1,"featured_media":0,"parent":0,"menu_order":3,"comment_status":"closed","ping_status":"closed","template":"","meta":[],"_links":{"self":[{"href":"http:\/\/www.imp-jablonec.cz\/fr\/wp-json\/wp\/v2\/pages\/11"}],"collection":[{"href":"http:\/\/www.imp-jablonec.cz\/fr\/wp-json\/wp\/v2\/pages"}],"about":[{"href":"http:\/\/www.imp-jablonec.cz\/fr\/wp-json\/wp\/v2\/types\/page"}],"author":[{"embeddable":true,"href":"http:\/\/www.imp-jablonec.cz\/fr\/wp-json\/wp\/v2\/users\/1"}],"replies":[{"embeddable":true,"href":"http:\/\/www.imp-jablonec.cz\/fr\/wp-json\/wp\/v2\/comments?post=11"}],"version-history":[{"count":21,"href":"http:\/\/www.imp-jablonec.cz\/fr\/wp-json\/wp\/v2\/pages\/11\/revisions"}],"predecessor-version":[{"id":261,"href":"http:\/\/www.imp-jablonec.cz\/fr\/wp-json\/wp\/v2\/pages\/11\/revisions\/261"}],"wp:attachment":[{"href":"http:\/\/www.imp-jablonec.cz\/fr\/wp-json\/wp\/v2\/media?parent=11"}],"curies":[{"name":"wp","href":"https:\/\/api.w.org\/{rel}","templated":true}]}}