{"id":9,"date":"2015-10-07T09:31:47","date_gmt":"2015-10-07T09:31:47","guid":{"rendered":"http:\/\/www.imp-jablonec.cz\/WEBSITES\/?page_id=9"},"modified":"2015-11-20T09:37:38","modified_gmt":"2015-11-20T09:37:38","slug":"kovovyroba","status":"publish","type":"page","link":"http:\/\/www.imp-jablonec.cz\/de\/kovovyroba\/","title":{"rendered":"Metallbau"},"content":{"rendered":"<p><\/p>\n<h3><span style=\"color: #000080;\"><strong><span style=\"font-family: Tahoma, Arial, Helvetica, sans-serif;\">Metallbau<a style=\"color: #000080;\" href=\"http:\/\/www.imp-jablonec.cz\/en\/kovovyroba\/\"><img loading=\"lazy\" class=\"alignright wp-image-132 size-full\" src=\"http:\/\/www.imp-jablonec.cz\/WEBSITES\/wp-content\/uploads\/2015\/10\/gb.png\" alt=\"gb\" width=\"18\" height=\"12\" \/><\/a><a style=\"color: #000080;\" href=\"http:\/\/www.imp-jablonec.cz\/fr\/kovovyroba\/\"><img loading=\"lazy\" class=\"alignright wp-image-131 size-full\" src=\"http:\/\/www.imp-jablonec.cz\/WEBSITES\/wp-content\/uploads\/2015\/10\/fr.png\" alt=\"fr\" width=\"18\" height=\"12\" \/><\/a><a style=\"color: #000080;\" href=\"http:\/\/www.imp-jablonec.cz\/de\/kovovyroba\/\"><img loading=\"lazy\" class=\"alignright wp-image-130 size-full\" src=\"http:\/\/www.imp-jablonec.cz\/WEBSITES\/wp-content\/uploads\/2015\/10\/de.png\" alt=\"de\" width=\"18\" height=\"12\" \/><\/a><a style=\"color: #000080;\" href=\"http:\/\/www.imp-jablonec.cz\/cs\/kovovyroba\/\"><img loading=\"lazy\" class=\"alignright wp-image-129 size-full\" src=\"http:\/\/www.imp-jablonec.cz\/WEBSITES\/wp-content\/uploads\/2015\/10\/cz.png\" alt=\"cz\" width=\"18\" height=\"12\" \/><\/a><\/span><\/strong><\/span><\/h3>\n<h4><em><span style=\"font-family: Tahoma, Arial, Helvetica, sans-serif;\"><span style=\"color: #000080;\">Langgut- und Gitterboxenpaletten, Hochregale, St\u00e4nder, Wagen<\/span><br \/>\n<\/span><\/em><\/h4>\n<h4><em><span style=\"font-family: Tahoma, Arial, Helvetica, sans-serif;\"><img loading=\"lazy\" class=\"alignright wp-image-181\" src=\"http:\/\/www.imp-jablonec.cz\/WEBSITES\/wp-content\/uploads\/2015\/10\/kovo-hlavn\u00ed-237x300.jpg\" alt=\"kovo\" width=\"316\" height=\"400\" srcset=\"http:\/\/www.imp-jablonec.cz\/WEBSITES\/wp-content\/uploads\/2015\/10\/kovo-hlavn\u00ed-237x300.jpg 237w, http:\/\/www.imp-jablonec.cz\/WEBSITES\/wp-content\/uploads\/2015\/10\/kovo-hlavn\u00ed-808x1024.jpg 808w, http:\/\/www.imp-jablonec.cz\/WEBSITES\/wp-content\/uploads\/2015\/10\/kovo-hlavn\u00ed-395x500.jpg 395w, http:\/\/www.imp-jablonec.cz\/WEBSITES\/wp-content\/uploads\/2015\/10\/kovo-hlavn\u00ed.jpg 1388w\" sizes=\"(max-width: 316px) 100vw, 316px\" \/><\/span><\/em><\/h4>\n<h6><span style=\"font-family: Tahoma, Arial, Helvetica, sans-serif;\">IMP ist ein Spezialist und einer der f\u00fchrenden europ\u00e4ischen Produzenten von Transport- und Lagertechnik wie z.B. Langgut- und Gitterboxpaletten, Hochregale, St\u00e4nder, Wagen sowie auch spezielle Glasgestelle f\u00fcr den Tafelglastransport und deren Lagerung.<\/span><\/h6>\n<h6><span style=\"font-family: Tahoma, Arial, Helvetica, sans-serif;\">In den mehr als 20 Jahren seit der Neugr\u00fcndung von IMP, hat das Unternehmen eine gro\u00dfe Vielfalt von renommierten Firmen aus den verschiedensten Industriebereichen, vor allem Marktf\u00fchrer im Bereich der Automobilindustrie, Hersteller vom Flachglas, von Produkten f\u00fcr die Bauindustrie, von technischen Gasen und viele anderen Industriebereichen als Kunden von der Leistungsf\u00e4higkeit \u00fcberzeugt. <\/span><\/h6>\n<h6><span style=\"font-family: Tahoma, Arial, Helvetica, sans-serif;\">Die georderten Produkte werden nach Kundenwunsch in unbehandelter Ausf\u00fchrung, feuerverzinkt oder lackiert ausgeliefert.<\/span><\/h6>\n<p>&nbsp;<\/p>\n<table border=\"0\" color=\"#ffffff\">\n<tbody>\n<tr>\n<td align=\"center\"><img loading=\"lazy\" class=\"alignnone wp-image-183 size-post-thumbnail\" src=\"http:\/\/www.imp-jablonec.cz\/WEBSITES\/wp-content\/uploads\/2015\/10\/prvn\u00ed-mal\u00e1-175x131.jpg\" alt=\"EPSON DSC picture\" width=\"175\" height=\"131\" \/><\/td>\n<td align=\"center\"><img loading=\"lazy\" class=\"alignnone wp-image-180 size-post-thumbnail\" src=\"http:\/\/www.imp-jablonec.cz\/WEBSITES\/wp-content\/uploads\/2015\/10\/druh\u00e1-mal\u00e1-175x131.jpg\" alt=\"EPSON DSC picture\" width=\"175\" height=\"131\" \/><\/td>\n<td align=\"center\"><img loading=\"lazy\" class=\"alignnone wp-image-185 size-post-thumbnail\" src=\"http:\/\/www.imp-jablonec.cz\/WEBSITES\/wp-content\/uploads\/2015\/10\/treti-mala-175x131.jpg\" alt=\"treti mala\" width=\"175\" height=\"131\" \/><\/td>\n<td align=\"center\"><img loading=\"lazy\" class=\"alignnone wp-image-179 size-post-thumbnail\" src=\"http:\/\/www.imp-jablonec.cz\/WEBSITES\/wp-content\/uploads\/2015\/10\/ctvrta-mala-175x131.jpg\" alt=\"ctvrta mala\" width=\"175\" height=\"131\" srcset=\"http:\/\/www.imp-jablonec.cz\/WEBSITES\/wp-content\/uploads\/2015\/10\/ctvrta-mala-175x131.jpg 175w, http:\/\/www.imp-jablonec.cz\/WEBSITES\/wp-content\/uploads\/2015\/10\/ctvrta-mala-300x225.jpg 300w, http:\/\/www.imp-jablonec.cz\/WEBSITES\/wp-content\/uploads\/2015\/10\/ctvrta-mala.jpg 625w\" sizes=\"(max-width: 175px) 100vw, 175px\" \/><\/td>\n<td align=\"center\"><img loading=\"lazy\" class=\"alignnone wp-image-182 size-post-thumbnail\" src=\"http:\/\/www.imp-jablonec.cz\/WEBSITES\/wp-content\/uploads\/2015\/10\/pata-mala-175x131.jpg\" alt=\"pata mala\" width=\"175\" height=\"131\" \/><\/td>\n<td align=\"center\"><img loading=\"lazy\" class=\"alignnone wp-image-184 size-post-thumbnail\" src=\"http:\/\/www.imp-jablonec.cz\/WEBSITES\/wp-content\/uploads\/2015\/10\/sesta-mala-175x131.jpg\" alt=\"sesta mala\" width=\"175\" height=\"131\" \/><\/td>\n<\/tr>\n<\/tbody>\n<\/table>\n<p><\/p>","protected":false},"excerpt":{"rendered":"<p>Metallbau Langgut- und Gitterboxenpaletten, Hochregale, St\u00e4nder, Wagen IMP ist ein Spezialist und einer der f\u00fchrenden europ\u00e4ischen Produzenten von Transport- und Lagertechnik wie z.B. Langgut- und Gitterboxpaletten, Hochregale, St\u00e4nder, Wagen sowie <a href=\"http:\/\/www.imp-jablonec.cz\/de\/kovovyroba\/\" class=\"more-link\">[&hellip;]<\/a><\/p>\n","protected":false},"author":1,"featured_media":0,"parent":0,"menu_order":2,"comment_status":"closed","ping_status":"closed","template":"","meta":[],"_links":{"self":[{"href":"http:\/\/www.imp-jablonec.cz\/de\/wp-json\/wp\/v2\/pages\/9"}],"collection":[{"href":"http:\/\/www.imp-jablonec.cz\/de\/wp-json\/wp\/v2\/pages"}],"about":[{"href":"http:\/\/www.imp-jablonec.cz\/de\/wp-json\/wp\/v2\/types\/page"}],"author":[{"embeddable":true,"href":"http:\/\/www.imp-jablonec.cz\/de\/wp-json\/wp\/v2\/users\/1"}],"replies":[{"embeddable":true,"href":"http:\/\/www.imp-jablonec.cz\/de\/wp-json\/wp\/v2\/comments?post=9"}],"version-history":[{"count":30,"href":"http:\/\/www.imp-jablonec.cz\/de\/wp-json\/wp\/v2\/pages\/9\/revisions"}],"predecessor-version":[{"id":262,"href":"http:\/\/www.imp-jablonec.cz\/de\/wp-json\/wp\/v2\/pages\/9\/revisions\/262"}],"wp:attachment":[{"href":"http:\/\/www.imp-jablonec.cz\/de\/wp-json\/wp\/v2\/media?parent=9"}],"curies":[{"name":"wp","href":"https:\/\/api.w.org\/{rel}","templated":true}]}}