{"id":6,"date":"2015-10-07T09:15:05","date_gmt":"2015-10-07T09:15:05","guid":{"rendered":"http:\/\/www.imp-jablonec.cz\/WEBSITES\/?page_id=6"},"modified":"2023-12-11T08:38:59","modified_gmt":"2023-12-11T08:38:59","slug":"home","status":"publish","type":"page","link":"http:\/\/www.imp-jablonec.cz\/de\/","title":{"rendered":"\u00dcber uns"},"content":{"rendered":"<p><\/p>\n<h3><span style=\"font-family: Tahoma, Arial, Helvetica, sans-serif;\"><strong><span style=\"color: #000080;\">\u00dcber uns<\/span><a href=\"http:\/\/www.imp-jablonec.cz\/en\/\"><img loading=\"lazy\" class=\"alignright wp-image-132 size-full\" src=\"http:\/\/www.imp-jablonec.cz\/WEBSITES\/wp-content\/uploads\/2015\/10\/gb.png\" alt=\"gb\" width=\"18\" height=\"12\" \/><\/a><a href=\"http:\/\/www.imp-jablonec.cz\/fr\/\"><img loading=\"lazy\" class=\"alignright wp-image-131 size-full\" src=\"http:\/\/www.imp-jablonec.cz\/WEBSITES\/wp-content\/uploads\/2015\/10\/fr.png\" alt=\"fr\" width=\"18\" height=\"12\" \/><\/a><a href=\"http:\/\/www.imp-jablonec.cz\/de\/\"><img loading=\"lazy\" class=\"alignright wp-image-130 size-full\" src=\"http:\/\/www.imp-jablonec.cz\/WEBSITES\/wp-content\/uploads\/2015\/10\/de.png\" alt=\"de\" width=\"18\" height=\"12\" \/><\/a><a href=\"http:\/\/www.imp-jablonec.cz\/cs\/\"><img loading=\"lazy\" class=\"alignright wp-image-129 size-full\" src=\"http:\/\/www.imp-jablonec.cz\/WEBSITES\/wp-content\/uploads\/2015\/10\/cz.png\" alt=\"cz\" width=\"18\" height=\"12\" \/><\/a><\/strong><\/span><\/h3>\n<h6><span style=\"font-family: Tahoma, Arial, Helvetica, sans-serif;\">Das Unternehmen International Metal Plast hat seinen Sitz in Jablonec nad Nisou, einer Stadt in unmittelbarer N\u00e4he von Liberec. Diese Nordb\u00f6hmische Region hat eine langj\u00e4hrige Tradition in der Glas- und Bijouterieindustrie sowie im Maschinenbau. Gerade der Maschinenbau war die Grundlage f\u00fcr das neugegr\u00fcndete Unternehmen IMP, das auf eine fast 50 j\u00e4hrige Tradition in der Produktion von Chassis f\u00fcr Lastkraftwagen angekn\u00fcpfte. Mit dem Umfang des Produktionsvolumens, der Gr\u00f6\u00dfe des Werkes und der Anzahl der qualifizierten und motivierten Mitarbeiter \u00fcber 220 geh\u00f6rt IMP zu einem Familienunternehmen des klassischen Mittelstandes.<\/span><\/h6>\n<h6><span style=\"font-family: Tahoma, Arial, Helvetica, sans-serif;\">Ein wesentlicher Vorteil des Unternehmens IMP ist die Offenheit f\u00fcr neue Technologien und Verfahren, die sehr gute Qualifikation unsrer Mitarbeiter, eine hohe Flexibilit\u00e4t der Produktionsprozesse, die permanente Qualit\u00e4tsproduktion und auch die Erf\u00fcllung von anspruchsvollen Kundenw\u00fcnschen. Das Unternehmen verf\u00fcgt \u00fcber eine eigene Konstruktionsabteilung, die den Kunden die komplette Realisierung ihrer Auftr\u00e4ge von Konstruktionsentw\u00fcrfen bis zur Serienreife in 3D Daten anbietet. Dank dieser technischen M\u00f6glichkeiten f\u00fcr Dienstleistungen hat die Firma IMP eine bedeutsame Position auf den anspruchsvollen westeurop\u00e4ischen M\u00e4rkten gewonnen.<\/span><\/h6>\n<h6><span style=\"font-family: Tahoma, Arial, Helvetica, sans-serif;\">Das Unternehmen IMP geh\u00f6rt zu der international arbeitenden Firmengruppe GMI &#8211; Groupe Maillard Industrie. Durch eine intensive Zusammenarbeit der Betriebe der Firmengruppe und der Austausch von Informationen zu gesch\u00e4ftlichen und technologischen Abl\u00e4ufen gew\u00e4hrleisteten modernste Produktionsprozesse die Entwicklung vom Muster bis zur serienm\u00e4\u00dfigen Herstellung von Transport- und Lagereinrichtungen. Der Exportanteil unserer Produktion hat eine Gr\u00f6\u00dfe von \u00fcber 90%. Der Au\u00dfenhandelsumsatz wird nicht nur in europ\u00e4ischen L\u00e4ndern wie Deutschland, Holland, Belgien, der Schweiz, Frankreich, England, \u00d6sterreich, D\u00e4nemark oder Italien erwirtschaftet, sondern wir haben auch Exporte in entferntere M\u00e4rkte wie Russland, Algerien, Kanada und Brasilien.<\/span><\/h6>\n<h6><span style=\"font-family: Tahoma, Arial, Helvetica, sans-serif;\">Durch die gute Qualit\u00e4t ihrer Produkte, der Termintreue der Lieferungen und durch die Konkurrenzf\u00e4higkeit ihrer Preise hat IMP seit der Neugr\u00fcndung 1993 auf den Zulieferm\u00e4rkten eine wichtige Position aufgebaut und das Vertrauen vieler Kunden errungen. Die Gesellschaft wurde mit dem gro\u00dfen Schwei\u00dfzertifikat und Konformit\u00e4t der werkseigenen Produktionskontrolle gem\u00e4\u00df DIN EN 1090-2 zertifiziert.<\/span><\/h6>\n<table border=\"0\">\n<tbody>\n<tr>\n<td align=\"left\"><a href=\"http:\/\/www.imp-jablonec.cz\/de\/kovovyroba\/\"><img loading=\"lazy\" class=\"alignnone wp-image-161 size-medium\" src=\"http:\/\/www.imp-jablonec.cz\/WEBSITES\/wp-content\/uploads\/2015\/10\/boxy-kovo-DE-300x300.jpg\" alt=\"boxy-kovo-DE\" width=\"300\" height=\"300\" srcset=\"http:\/\/www.imp-jablonec.cz\/WEBSITES\/wp-content\/uploads\/2015\/10\/boxy-kovo-DE-300x300.jpg 300w, http:\/\/www.imp-jablonec.cz\/WEBSITES\/wp-content\/uploads\/2015\/10\/boxy-kovo-DE-150x150.jpg 150w, http:\/\/www.imp-jablonec.cz\/WEBSITES\/wp-content\/uploads\/2015\/10\/boxy-kovo-DE-1024x1024.jpg 1024w, http:\/\/www.imp-jablonec.cz\/WEBSITES\/wp-content\/uploads\/2015\/10\/boxy-kovo-DE-500x500.jpg 500w, http:\/\/www.imp-jablonec.cz\/WEBSITES\/wp-content\/uploads\/2015\/10\/boxy-kovo-DE.jpg 1667w\" sizes=\"(max-width: 300px) 100vw, 300px\" \/><\/a><\/td>\n<td align=\"center\"><a href=\"http:\/\/www.imp-jablonec.cz\/de\/vakuove-tvarovani-plastu\/\"><img loading=\"lazy\" class=\"alignnone wp-image-165 size-medium\" src=\"http:\/\/www.imp-jablonec.cz\/WEBSITES\/wp-content\/uploads\/2015\/10\/boxy-plasty-DE-300x300.jpg\" alt=\"boxy-plasty-DE\" width=\"300\" height=\"300\" srcset=\"http:\/\/www.imp-jablonec.cz\/WEBSITES\/wp-content\/uploads\/2015\/10\/boxy-plasty-DE-300x300.jpg 300w, http:\/\/www.imp-jablonec.cz\/WEBSITES\/wp-content\/uploads\/2015\/10\/boxy-plasty-DE-150x150.jpg 150w, http:\/\/www.imp-jablonec.cz\/WEBSITES\/wp-content\/uploads\/2015\/10\/boxy-plasty-DE-1024x1024.jpg 1024w, http:\/\/www.imp-jablonec.cz\/WEBSITES\/wp-content\/uploads\/2015\/10\/boxy-plasty-DE-500x500.jpg 500w, http:\/\/www.imp-jablonec.cz\/WEBSITES\/wp-content\/uploads\/2015\/10\/boxy-plasty-DE.jpg 1667w\" sizes=\"(max-width: 300px) 100vw, 300px\" \/><\/a><\/td>\n<td align=\"right\"><a href=\"http:\/\/www.imp-jablonec.cz\/de\/drateny-program\/\"><img loading=\"lazy\" class=\"alignnone wp-image-157 size-medium\" src=\"http:\/\/www.imp-jablonec.cz\/WEBSITES\/wp-content\/uploads\/2015\/10\/boxy-dr\u00e1ty-DE-300x300.jpg\" alt=\"boxy-dr\u00e1ty - DE\" width=\"300\" height=\"300\" srcset=\"http:\/\/www.imp-jablonec.cz\/WEBSITES\/wp-content\/uploads\/2015\/10\/boxy-dr\u00e1ty-DE-300x300.jpg 300w, http:\/\/www.imp-jablonec.cz\/WEBSITES\/wp-content\/uploads\/2015\/10\/boxy-dr\u00e1ty-DE-150x150.jpg 150w, http:\/\/www.imp-jablonec.cz\/WEBSITES\/wp-content\/uploads\/2015\/10\/boxy-dr\u00e1ty-DE-1024x1024.jpg 1024w, http:\/\/www.imp-jablonec.cz\/WEBSITES\/wp-content\/uploads\/2015\/10\/boxy-dr\u00e1ty-DE-500x500.jpg 500w, http:\/\/www.imp-jablonec.cz\/WEBSITES\/wp-content\/uploads\/2015\/10\/boxy-dr\u00e1ty-DE.jpg 1667w\" sizes=\"(max-width: 300px) 100vw, 300px\" \/><\/a><\/td>\n<\/tr>\n<\/tbody>\n<\/table>\n<p><\/p>","protected":false},"excerpt":{"rendered":"<p>\u00dcber uns Das Unternehmen International Metal Plast hat seinen Sitz in Jablonec nad Nisou, einer Stadt in unmittelbarer N\u00e4he von Liberec. Diese Nordb\u00f6hmische Region hat eine langj\u00e4hrige Tradition in der <a href=\"http:\/\/www.imp-jablonec.cz\/de\/\" class=\"more-link\">[&hellip;]<\/a><\/p>\n","protected":false},"author":1,"featured_media":0,"parent":0,"menu_order":1,"comment_status":"closed","ping_status":"closed","template":"","meta":[],"_links":{"self":[{"href":"http:\/\/www.imp-jablonec.cz\/de\/wp-json\/wp\/v2\/pages\/6"}],"collection":[{"href":"http:\/\/www.imp-jablonec.cz\/de\/wp-json\/wp\/v2\/pages"}],"about":[{"href":"http:\/\/www.imp-jablonec.cz\/de\/wp-json\/wp\/v2\/types\/page"}],"author":[{"embeddable":true,"href":"http:\/\/www.imp-jablonec.cz\/de\/wp-json\/wp\/v2\/users\/1"}],"replies":[{"embeddable":true,"href":"http:\/\/www.imp-jablonec.cz\/de\/wp-json\/wp\/v2\/comments?post=6"}],"version-history":[{"count":60,"href":"http:\/\/www.imp-jablonec.cz\/de\/wp-json\/wp\/v2\/pages\/6\/revisions"}],"predecessor-version":[{"id":473,"href":"http:\/\/www.imp-jablonec.cz\/de\/wp-json\/wp\/v2\/pages\/6\/revisions\/473"}],"wp:attachment":[{"href":"http:\/\/www.imp-jablonec.cz\/de\/wp-json\/wp\/v2\/media?parent=6"}],"curies":[{"name":"wp","href":"https:\/\/api.w.org\/{rel}","templated":true}]}}