{"id":18,"date":"2015-10-07T09:34:44","date_gmt":"2015-10-07T09:34:44","guid":{"rendered":"http:\/\/www.imp-jablonec.cz\/WEBSITES\/?page_id=18"},"modified":"2025-02-10T12:06:03","modified_gmt":"2025-02-10T12:06:03","slug":"kariera","status":"publish","type":"page","link":"http:\/\/www.imp-jablonec.cz\/de\/kariera\/","title":{"rendered":"Karriere"},"content":{"rendered":"<p><\/span><\/li>\n<\/ul>\n<h3><strong><span style=\"font-family: Tahoma, Arial, Helvetica, sans-serif;\"><span style=\"color: #000080;\">Karriere<\/span><\/span><\/strong><strong><span style=\"font-family: Tahoma, Arial, Helvetica, sans-serif;\"><a href=\"http:\/\/www.imp-jablonec.cz\/en\/kariera\/\"><img loading=\"lazy\" class=\"alignright wp-image-132 size-full\" src=\"http:\/\/www.imp-jablonec.cz\/WEBSITES\/wp-content\/uploads\/2015\/10\/gb.png\" alt=\"gb\" width=\"18\" height=\"12\" \/><\/a><a href=\"http:\/\/www.imp-jablonec.cz\/fr\/kariera\/\"><img loading=\"lazy\" class=\"alignright wp-image-131 size-full\" src=\"http:\/\/www.imp-jablonec.cz\/WEBSITES\/wp-content\/uploads\/2015\/10\/fr.png\" alt=\"fr\" width=\"18\" height=\"12\" \/><\/a><a href=\"http:\/\/www.imp-jablonec.cz\/de\/kariera\/\"><img loading=\"lazy\" class=\"alignright wp-image-130 size-full\" src=\"http:\/\/www.imp-jablonec.cz\/WEBSITES\/wp-content\/uploads\/2015\/10\/de.png\" alt=\"de\" width=\"18\" height=\"12\" \/><\/a><a href=\"http:\/\/www.imp-jablonec.cz\/cs\/kariera\/\"><img loading=\"lazy\" class=\"alignright wp-image-129 size-full\" src=\"http:\/\/www.imp-jablonec.cz\/WEBSITES\/wp-content\/uploads\/2015\/10\/cz.png\" alt=\"cz\" width=\"18\" height=\"12\" \/><\/a><\/span><\/strong><\/h3>\n<h6><span style=\"font-family: Tahoma, Arial, Helvetica, sans-serif;\">Wir sind immer interessiert an Initiativbewerbungen, besonders f\u00fcr die Arbeitsstellen Schwei\u00dfer, Operator von CNC Maschinen oder Konstrukteure. Wenn Sie die Bereitschaft zum Lernen der neuen Sachen, technisches Verst\u00e4ndnis und Teamf\u00e4higkeit mitbringen, freuen wir uns \u00fcber Ihre Bewerbungsunterlagen.<\/span><\/h6>\n<h6><span style=\"font-family: Tahoma, Arial, Helvetica, sans-serif; font-size: 14pt;\">Iva Gregorov\u00e1<\/span><\/h6>\n<h6><span style=\"font-family: Tahoma, Arial, Helvetica, sans-serif; font-size: 14pt;\">Personalabteilung<\/span><\/h6>\n<h6><span style=\"font-family: Tahoma, Arial, Helvetica, sans-serif; font-size: 14pt;\">gregorova@imp-jablonec.cz<\/span><\/h6>\n<p><span style=\"font-family: tahoma, arial, helvetica, sans-serif; font-size: 14pt;\">Tel. +420 483 333 723<\/span><\/p>\n<h3><strong><span style=\"font-family: Tahoma, Arial, Helvetica, sans-serif;\"><span style=\"color: #000080;\">Offene Stellen<\/span><\/span><\/strong><\/h3>\n<ul>\n<li><span style=\"font-size: 16pt; font-family: tahoma, arial, helvetica, sans-serif;\">Schweier MAG<\/span><\/li>\n<li><span style=\"font-family: tahoma, arial, helvetica, sans-serif;\"><span style=\"font-size: 16pt;\">Pressen Einsteller<\/span><\/p>","protected":false},"excerpt":{"rendered":"<p>Karriere Wir sind immer interessiert an Initiativbewerbungen, besonders f\u00fcr die Arbeitsstellen Schwei\u00dfer, Operator von CNC Maschinen oder Konstrukteure. Wenn Sie die Bereitschaft zum Lernen der neuen Sachen, technisches Verst\u00e4ndnis und <a href=\"http:\/\/www.imp-jablonec.cz\/de\/kariera\/\" class=\"more-link\">[&hellip;]<\/a><\/p>\n","protected":false},"author":1,"featured_media":0,"parent":0,"menu_order":5,"comment_status":"closed","ping_status":"closed","template":"","meta":[],"_links":{"self":[{"href":"http:\/\/www.imp-jablonec.cz\/de\/wp-json\/wp\/v2\/pages\/18"}],"collection":[{"href":"http:\/\/www.imp-jablonec.cz\/de\/wp-json\/wp\/v2\/pages"}],"about":[{"href":"http:\/\/www.imp-jablonec.cz\/de\/wp-json\/wp\/v2\/types\/page"}],"author":[{"embeddable":true,"href":"http:\/\/www.imp-jablonec.cz\/de\/wp-json\/wp\/v2\/users\/1"}],"replies":[{"embeddable":true,"href":"http:\/\/www.imp-jablonec.cz\/de\/wp-json\/wp\/v2\/comments?post=18"}],"version-history":[{"count":127,"href":"http:\/\/www.imp-jablonec.cz\/de\/wp-json\/wp\/v2\/pages\/18\/revisions"}],"predecessor-version":[{"id":496,"href":"http:\/\/www.imp-jablonec.cz\/de\/wp-json\/wp\/v2\/pages\/18\/revisions\/496"}],"wp:attachment":[{"href":"http:\/\/www.imp-jablonec.cz\/de\/wp-json\/wp\/v2\/media?parent=18"}],"curies":[{"name":"wp","href":"https:\/\/api.w.org\/{rel}","templated":true}]}}