{"id":13,"date":"2015-10-07T09:33:31","date_gmt":"2015-10-07T09:33:31","guid":{"rendered":"http:\/\/www.imp-jablonec.cz\/WEBSITES\/?page_id=13"},"modified":"2015-11-20T09:47:58","modified_gmt":"2015-11-20T09:47:58","slug":"drateny-program","status":"publish","type":"page","link":"http:\/\/www.imp-jablonec.cz\/de\/drateny-program\/","title":{"rendered":"Drahtgittermatten"},"content":{"rendered":"<p><\/p>\n<h3><span style=\"font-family: Tahoma, Arial, Helvetica, sans-serif; color: #000080;\"><strong>Drahtgittermatten<a style=\"color: #000080;\" href=\"http:\/\/www.imp-jablonec.cz\/en\/drateny-program\/\"><img loading=\"lazy\" class=\"alignright wp-image-132 size-full\" src=\"http:\/\/www.imp-jablonec.cz\/WEBSITES\/wp-content\/uploads\/2015\/10\/gb.png\" alt=\"gb\" width=\"18\" height=\"12\" \/><\/a><a style=\"color: #000080;\" href=\"http:\/\/www.imp-jablonec.cz\/fr\/drateny-program\/\"><img loading=\"lazy\" class=\"alignright wp-image-131 size-full\" src=\"http:\/\/www.imp-jablonec.cz\/WEBSITES\/wp-content\/uploads\/2015\/10\/fr.png\" alt=\"fr\" width=\"18\" height=\"12\" \/><\/a><a style=\"color: #000080;\" href=\"http:\/\/www.imp-jablonec.cz\/de\/drateny-program\/\"><img loading=\"lazy\" class=\"alignright wp-image-130 size-full\" src=\"http:\/\/www.imp-jablonec.cz\/WEBSITES\/wp-content\/uploads\/2015\/10\/de.png\" alt=\"de\" width=\"18\" height=\"12\" \/><\/a><a style=\"color: #000080;\" href=\"http:\/\/www.imp-jablonec.cz\/cs\/drateny-program\/\"><img loading=\"lazy\" class=\"alignright wp-image-129 size-full\" src=\"http:\/\/www.imp-jablonec.cz\/WEBSITES\/wp-content\/uploads\/2015\/10\/cz.png\" alt=\"cz\" width=\"18\" height=\"12\" \/><\/a><\/strong><\/span><\/h3>\n<h4><span style=\"color: #000080;\"><em><span style=\"font-family: Tahoma, Arial, Helvetica, sans-serif;\">Matten, Gitterboxen, Gabionen<\/span><\/em><\/span><\/h4>\n<h6><span style=\"font-family: Tahoma, Arial, Helvetica, sans-serif;\"><img loading=\"lazy\" class=\"alignright wp-image-269\" src=\"http:\/\/www.imp-jablonec.cz\/WEBSITES\/wp-content\/uploads\/2015\/10\/hlavni-772x1024.jpg\" alt=\"hlavni\" width=\"301\" height=\"400\" srcset=\"http:\/\/www.imp-jablonec.cz\/WEBSITES\/wp-content\/uploads\/2015\/10\/hlavni-772x1024.jpg 772w, http:\/\/www.imp-jablonec.cz\/WEBSITES\/wp-content\/uploads\/2015\/10\/hlavni-226x300.jpg 226w, http:\/\/www.imp-jablonec.cz\/WEBSITES\/wp-content\/uploads\/2015\/10\/hlavni-377x500.jpg 377w, http:\/\/www.imp-jablonec.cz\/WEBSITES\/wp-content\/uploads\/2015\/10\/hlavni.jpg 1388w\" sizes=\"(max-width: 301px) 100vw, 301px\" \/>IMP besitzt moderne, leistungsf\u00e4hige automatische und halbautomatische Schwei\u00dfaggregate und zus\u00e4tzlich Widerstandsschwei\u00dfmaschinen mit den Drahtgitter in den Abmessungen von max. 2.500 x 5.000 mm mit Drahtst\u00e4rken von 1,5 bis 12 mm und Maschenweiten ab 25 x 25 mm hergestellt werden k\u00f6nnen. Unterschiedlichste Gitter, Gittercontainer, Gitterboxpaletten und Gabionen k\u00f6nnen nach den Vorgaben und Zeichnungen unserer Kunden in roher Ausf\u00fchrung aber auch feuerverzinkt oder lackiert in Klein-, Mittel- oder Gro\u00dfserie hergestellt werden k\u00f6nnen.<\/span><\/h6>\n<h6><span style=\"font-family: Tahoma, Arial, Helvetica, sans-serif;\">Bauz\u00e4une f\u00fcr die Umz\u00e4unung von Baustellen, Grundst\u00fccken und Gefahrenstellen, inkl. Elemente f\u00fcr Eintrittssysteme stellen ebenfalls einen gro\u00dfen Teil der Produktion dar. Unsere Hauptabnehmer sind Firmen im Bereich der Logistik, Industrieverpackung, Automobilindustrie, Zaun-, Sicherheits- und Gabionensystemen.<\/span><\/h6>\n<p>&nbsp;<\/p>\n<table border=\"0\">\n<tbody>\n<tr>\n<td align=\"center\"><img loading=\"lazy\" class=\"alignnone size-post-thumbnail wp-image-263\" src=\"http:\/\/www.imp-jablonec.cz\/WEBSITES\/wp-content\/uploads\/2015\/10\/1-maly1-175x131.jpg\" alt=\"1 maly\" width=\"175\" height=\"131\" \/><\/td>\n<td align=\"center\"><img loading=\"lazy\" class=\"alignnone size-post-thumbnail wp-image-264\" src=\"http:\/\/www.imp-jablonec.cz\/WEBSITES\/wp-content\/uploads\/2015\/10\/2-maly1-175x131.jpg\" alt=\"2 maly\" width=\"175\" height=\"131\" \/><\/td>\n<td align=\"center\"><img loading=\"lazy\" class=\"alignnone size-post-thumbnail wp-image-265\" src=\"http:\/\/www.imp-jablonec.cz\/WEBSITES\/wp-content\/uploads\/2015\/10\/3-maly1-175x131.jpg\" alt=\"3 maly\" width=\"175\" height=\"131\" \/><\/td>\n<td align=\"center\"><img loading=\"lazy\" class=\"alignnone size-post-thumbnail wp-image-266\" src=\"http:\/\/www.imp-jablonec.cz\/WEBSITES\/wp-content\/uploads\/2015\/10\/4-maly1-175x131.jpg\" alt=\"4 maly\" width=\"175\" height=\"131\" \/><\/td>\n<td align=\"center\"><img loading=\"lazy\" class=\"alignnone size-post-thumbnail wp-image-267\" src=\"http:\/\/www.imp-jablonec.cz\/WEBSITES\/wp-content\/uploads\/2015\/10\/5-maly1-175x131.jpg\" alt=\"5 maly\" width=\"175\" height=\"131\" \/><\/td>\n<td align=\"center\"><img loading=\"lazy\" class=\"alignnone size-post-thumbnail wp-image-268\" src=\"http:\/\/www.imp-jablonec.cz\/WEBSITES\/wp-content\/uploads\/2015\/10\/6-maly1-175x131.jpg\" alt=\"6 maly\" width=\"175\" height=\"131\" \/><\/td>\n<\/tr>\n<\/tbody>\n<\/table>\n<p>&nbsp;<\/p>","protected":false},"excerpt":{"rendered":"<p>Drahtgittermatten Matten, Gitterboxen, Gabionen IMP besitzt moderne, leistungsf\u00e4hige automatische und halbautomatische Schwei\u00dfaggregate und zus\u00e4tzlich Widerstandsschwei\u00dfmaschinen mit den Drahtgitter in den Abmessungen von max. 2.500 x 5.000 mm mit Drahtst\u00e4rken von <a href=\"http:\/\/www.imp-jablonec.cz\/de\/drateny-program\/\" class=\"more-link\">[&hellip;]<\/a><\/p>\n","protected":false},"author":1,"featured_media":0,"parent":0,"menu_order":4,"comment_status":"closed","ping_status":"closed","template":"","meta":[],"_links":{"self":[{"href":"http:\/\/www.imp-jablonec.cz\/de\/wp-json\/wp\/v2\/pages\/13"}],"collection":[{"href":"http:\/\/www.imp-jablonec.cz\/de\/wp-json\/wp\/v2\/pages"}],"about":[{"href":"http:\/\/www.imp-jablonec.cz\/de\/wp-json\/wp\/v2\/types\/page"}],"author":[{"embeddable":true,"href":"http:\/\/www.imp-jablonec.cz\/de\/wp-json\/wp\/v2\/users\/1"}],"replies":[{"embeddable":true,"href":"http:\/\/www.imp-jablonec.cz\/de\/wp-json\/wp\/v2\/comments?post=13"}],"version-history":[{"count":17,"href":"http:\/\/www.imp-jablonec.cz\/de\/wp-json\/wp\/v2\/pages\/13\/revisions"}],"predecessor-version":[{"id":271,"href":"http:\/\/www.imp-jablonec.cz\/de\/wp-json\/wp\/v2\/pages\/13\/revisions\/271"}],"wp:attachment":[{"href":"http:\/\/www.imp-jablonec.cz\/de\/wp-json\/wp\/v2\/media?parent=13"}],"curies":[{"name":"wp","href":"https:\/\/api.w.org\/{rel}","templated":true}]}}